{"id":7952,"date":"2023-05-31T08:25:37","date_gmt":"2023-05-31T06:25:37","guid":{"rendered":"https:\/\/rosenblutfriedmann.com\/sobre-nosotros\/"},"modified":"2024-12-14T14:25:59","modified_gmt":"2024-12-14T13:25:59","slug":"sobre-nosotros","status":"publish","type":"page","link":"https:\/\/rosenblutfriedmann.com\/es\/sobre-nosotros\/","title":{"rendered":"Sobre Nosotros"},"content":{"rendered":"\t\t<div data-elementor-type=\"wp-page\" data-elementor-id=\"7952\" class=\"elementor elementor-7952 elementor-1794\">\n\t\t\t\t<div class=\"elementor-element elementor-element-abcd58e e-con-full e-flex e-con e-parent\" data-id=\"abcd58e\" data-element_type=\"container\" data-e-type=\"container\">\n\t\t\t\t<div class=\"elementor-element elementor-element-423e9a3 elementor-widget__width-initial elementor-widget-tablet__width-inherit elementor-widget elementor-widget-kahlo_core_section_title\" data-id=\"423e9a3\" data-element_type=\"widget\" data-e-type=\"widget\" data-widget_type=\"kahlo_core_section_title.default\">\n\t\t\t\t<div class=\"elementor-widget-container\">\n\t\t\t\t\t<div class=\"qodef-shortcode qodef-m  qodef-section-title qodef-alignment--center  \">\n\t\t<h1 class=\"qodef-m-title\" >\n\t\t\t\t\tRosenblut &amp; Friedmann\t\t\t<\/h1>\n\t    \n<\/div>\n\t\t\t\t<\/div>\n\t\t\t\t<\/div>\n\t\t\t\t<\/div>\n\t\t<div class=\"elementor-element elementor-element-b9532d8 e-flex e-con-boxed e-con e-parent\" data-id=\"b9532d8\" data-element_type=\"container\" data-e-type=\"container\">\n\t\t\t\t\t<div class=\"e-con-inner\">\n\t\t\t\t<div class=\"elementor-element elementor-element-0ec35cc elementor-widget elementor-widget-kahlo_core_single_image\" data-id=\"0ec35cc\" data-element_type=\"widget\" data-e-type=\"widget\" data-widget_type=\"kahlo_core_single_image.default\">\n\t\t\t\t<div class=\"elementor-widget-container\">\n\t\t\t\t\t<div class=\"qodef-shortcode qodef-m  qodef-single-image qodef-layout--default  \">\n\t\t\t<div class=\"qodef-m-image\">\n\t\t\t\t\t\t\t\t<img fetchpriority=\"high\" decoding=\"async\" width=\"1600\" height=\"1200\" src=\"https:\/\/rosenblutfriedmann.com\/wp-content\/uploads\/2024\/02\/Copia-de-about-us.jpg\" class=\"attachment-full size-full\" alt=\"\" srcset=\"https:\/\/rosenblutfriedmann.com\/wp-content\/uploads\/2024\/02\/Copia-de-about-us.jpg 1600w, https:\/\/rosenblutfriedmann.com\/wp-content\/uploads\/2024\/02\/Copia-de-about-us-300x225.jpg 300w, https:\/\/rosenblutfriedmann.com\/wp-content\/uploads\/2024\/02\/Copia-de-about-us-1024x768.jpg 1024w, https:\/\/rosenblutfriedmann.com\/wp-content\/uploads\/2024\/02\/Copia-de-about-us-768x576.jpg 768w, https:\/\/rosenblutfriedmann.com\/wp-content\/uploads\/2024\/02\/Copia-de-about-us-1536x1152.jpg 1536w, https:\/\/rosenblutfriedmann.com\/wp-content\/uploads\/2024\/02\/Copia-de-about-us-600x450.jpg 600w\" sizes=\"(max-width: 1600px) 100vw, 1600px\" loading=\"eager\" \/>\t\t\t\t\t\t\t<\/div>\n\t<\/div>\n\t\t\t\t<\/div>\n\t\t\t\t<\/div>\n\t\t\t\t\t<\/div>\n\t\t\t\t<\/div>\n\t\t<div class=\"elementor-element elementor-element-2eb816a e-con-full e-flex e-con e-parent\" data-id=\"2eb816a\" data-element_type=\"container\" data-e-type=\"container\">\n\t\t<div class=\"elementor-element elementor-element-4223bad e-con-full e-flex e-con e-child\" data-id=\"4223bad\" data-element_type=\"container\" data-e-type=\"container\">\n\t\t\t\t<\/div>\n\t\t<div class=\"elementor-element elementor-element-c858df3 e-con-full e-flex e-con e-child\" data-id=\"c858df3\" data-element_type=\"container\" data-e-type=\"container\">\n\t\t\t\t<div class=\"elementor-element elementor-element-384050f elementor-widget elementor-widget-kahlo_core_custom_font\" data-id=\"384050f\" data-element_type=\"widget\" data-e-type=\"widget\" data-widget_type=\"kahlo_core_custom_font.default\">\n\t\t\t\t<div class=\"elementor-widget-container\">\n\t\t\t\t\t<p class=\"qodef-shortcode qodef-m  qodef-custom-font qodef-custom-font-641 qodef-layout--simple\" style=\"font-family: Space Grotesk;font-size: 64px;line-height: 1.03448em;letter-spacing: -.05em;font-weight: 500\">About Our Story<\/p>\n\t\t\t\t<\/div>\n\t\t\t\t<\/div>\n\t\t\t\t<div class=\"elementor-element elementor-element-aacaf9d elementor-widget elementor-widget-text-editor\" data-id=\"aacaf9d\" data-element_type=\"widget\" data-e-type=\"widget\" data-widget_type=\"text-editor.default\">\n\t\t\t\t<div class=\"elementor-widget-container\">\n\t\t\t\t\t\t\t\t\t<p>Durante m\u00e1s de una d\u00e9cada, Yael Rosenblut se dedic\u00f3 al videoarte y la curadur\u00eda. Tanto en sus obras como en las exposiciones que organiza, reflexiona sobre los espacios por los que circula el arte. Luego, dio un giro en su vida, se convirti\u00f3 en una tenaz comerciante y, en 2013, parti\u00f3 a Nueva York para posicionar a nuevos artistas en el exigente mercado norteamericano. Sin embargo, un accidente cambiar\u00eda su destino. Al llegar a una abertura y salir de la cabina, uno de los tacones de sus zapatos se rompi\u00f3 y perdi\u00f3 el equilibrio. El tiempo se ralentiz\u00f3 y pudo verla acercarse a la acera de Madison Avenue, cuando sinti\u00f3 que una mano amortiguaba su ca\u00edda. Todo sucedi\u00f3 en menos de un segundo, pero la amistad con Mario Friedmann iba a durar. En ese momento, Friedmann hab\u00eda estado coleccionando arte durante la mitad de su vida y le apasionaba conocer nuevos artistas. Ambos se dirig\u00edan a la misma inauguraci\u00f3n e inmediatamente se dieron cuenta de que no solo compart\u00edan la fascinaci\u00f3n por la pintura contempor\u00e1nea, sino que pertenec\u00edan a esa curiosa clase de personas que creen que no hay nada m\u00e1s noble que dedicar la vida al arte. Por afinidad, amistad y negocios, continuaban reuni\u00e9ndose cada vez que pod\u00edan. En esos encuentros hablaban de arte, pero no desde el punto de vista te\u00f3rico, que, aunque lo sab\u00edan, no era su lenguaje.<\/p>\n\t\t\t\t\t\t\t\t<\/div>\n\t\t\t\t<\/div>\n\t\t\t\t<div class=\"elementor-element elementor-element-af1582c elementor-widget elementor-widget-text-editor\" data-id=\"af1582c\" data-element_type=\"widget\" data-e-type=\"widget\" data-widget_type=\"text-editor.default\">\n\t\t\t\t<div class=\"elementor-widget-container\">\n\t\t\t\t\t\t\t\t\t<p>Su planteamiento era m\u00e1s visceral y les bastaba mencionar el nombre de alg\u00fan artista -como Maurizio Cattelan, Christian Boltanski, Jenny Holzer o Christoph Ruck\u00e4berle, Julian Rosefeld y Paula Anguita, entre otros- para emocionarse, de memoria, y no Es decir, era m\u00e1s \u00fatil para reproducir esa conmovedora experiencia que sent\u00edan frente a una obra de arte. <\/p>\n\t\t\t\t\t\t\t\t<\/div>\n\t\t\t\t<\/div>\n\t\t\t\t<div class=\"elementor-element elementor-element-c37c647 elementor-widget elementor-widget-text-editor\" data-id=\"c37c647\" data-element_type=\"widget\" data-e-type=\"widget\" data-widget_type=\"text-editor.default\">\n\t\t\t\t<div class=\"elementor-widget-container\">\n\t\t\t\t\t\t\t\t\t<p>Una tarde, en el Museo Reina Sof\u00eda, mientras admiraban las esculturas del alem\u00e1n Thomas Sch\u00fctte, se preguntaron: \u201c\u00bfPor qu\u00e9 no abrimos nuestra propia galer\u00eda? Cuando llegaron al sal\u00f3n de los cubistas la idea ya hab\u00eda tomado forma. Al a\u00f1o siguiente realizaron innumerables viajes entre Madrid y Berl\u00edn, donde vive Friedmann, y tras incorporar a la sociedad a Franz Ruz, la idea se hizo realidad. Hoy, Rosenblut and Friedmann es una galer\u00eda dedicada a la exposici\u00f3n de artistas emergentes y consagrados, que busca expandir el horizonte del modelo de galer\u00eda tradicional a trav\u00e9s de la exploraci\u00f3n y la colaboraci\u00f3n con artistas a lo largo del proceso de exhibici\u00f3n. Es esta visi\u00f3n la que da forma a la identidad de Rosenblut y Friedmann y, en \u00faltima instancia, pretende establecer un nexo entre el presente y el futuro del arte.<\/p>\n\t\t\t\t\t\t\t\t<\/div>\n\t\t\t\t<\/div>\n\t\t\t\t<\/div>\n\t\t\t\t<\/div>\n\t\t\t\t<\/div>\n\t\t","protected":false},"excerpt":{"rendered":"<p>Rosenblut &amp; Friedmann About Our Story Durante m\u00e1s de una d\u00e9cada, Yael Rosenblut se dedic\u00f3 al videoarte y la curadur\u00eda. Tanto en sus obras como en las exposiciones que organiza, reflexiona sobre los espacios por los que circula el arte. Luego, dio un giro en su vida, se convirti\u00f3 en una tenaz comerciante y, en [&hellip;]<\/p>\n","protected":false},"author":1,"featured_media":0,"parent":0,"menu_order":0,"comment_status":"closed","ping_status":"closed","template":"page-full-width.php","meta":{"footnotes":""},"class_list":["post-7952","page","type-page","status-publish","hentry"],"_links":{"self":[{"href":"https:\/\/rosenblutfriedmann.com\/es\/wp-json\/wp\/v2\/pages\/7952","targetHints":{"allow":["GET"]}}],"collection":[{"href":"https:\/\/rosenblutfriedmann.com\/es\/wp-json\/wp\/v2\/pages"}],"about":[{"href":"https:\/\/rosenblutfriedmann.com\/es\/wp-json\/wp\/v2\/types\/page"}],"author":[{"embeddable":true,"href":"https:\/\/rosenblutfriedmann.com\/es\/wp-json\/wp\/v2\/users\/1"}],"replies":[{"embeddable":true,"href":"https:\/\/rosenblutfriedmann.com\/es\/wp-json\/wp\/v2\/comments?post=7952"}],"version-history":[{"count":13,"href":"https:\/\/rosenblutfriedmann.com\/es\/wp-json\/wp\/v2\/pages\/7952\/revisions"}],"predecessor-version":[{"id":9431,"href":"https:\/\/rosenblutfriedmann.com\/es\/wp-json\/wp\/v2\/pages\/7952\/revisions\/9431"}],"wp:attachment":[{"href":"https:\/\/rosenblutfriedmann.com\/es\/wp-json\/wp\/v2\/media?parent=7952"}],"curies":[{"name":"wp","href":"https:\/\/api.w.org\/{rel}","templated":true}]}}