{"id":7968,"date":"2023-06-02T11:09:45","date_gmt":"2023-06-02T09:09:45","guid":{"rendered":"https:\/\/rosenblutfriedmann.com\/contacto\/"},"modified":"2024-04-03T13:27:37","modified_gmt":"2024-04-03T11:27:37","slug":"contacto","status":"publish","type":"page","link":"https:\/\/rosenblutfriedmann.com\/es\/contacto\/","title":{"rendered":"Contacto"},"content":{"rendered":"\t\t<div data-elementor-type=\"wp-page\" data-elementor-id=\"7968\" class=\"elementor elementor-7968 elementor-2333\">\n\t\t\t\t<div class=\"elementor-element elementor-element-976de89 e-con-full e-flex e-con e-parent\" data-id=\"976de89\" data-element_type=\"container\" data-e-type=\"container\">\n\t\t<div class=\"elementor-element elementor-element-ac02617 e-con-full e-flex e-con e-child\" data-id=\"ac02617\" data-element_type=\"container\" data-e-type=\"container\">\n\t\t\t\t<div class=\"elementor-element elementor-element-648828b elementor-widget__width-initial elementor-widget-tablet__width-inherit elementor-widget elementor-widget-kahlo_core_section_title\" data-id=\"648828b\" data-element_type=\"widget\" data-e-type=\"widget\" data-widget_type=\"kahlo_core_section_title.default\">\n\t\t\t\t<div class=\"elementor-widget-container\">\n\t\t\t\t\t<div class=\"qodef-shortcode qodef-m  qodef-section-title qodef-alignment--left  \">\n\t\t<h1 class=\"qodef-m-title\" >\n\t\t\t\t\tContact\t\t\t<\/h1>\n\t    \n<\/div>\n\t\t\t\t<\/div>\n\t\t\t\t<\/div>\n\t\t\t\t<\/div>\n\t\t\t\t<\/div>\n\t\t<div class=\"elementor-element elementor-element-628bdd0 e-con-full e-flex e-con e-parent\" data-id=\"628bdd0\" data-element_type=\"container\" data-e-type=\"container\">\n\t\t<div class=\"elementor-element elementor-element-95f51c1 e-con-full e-flex e-con e-child\" data-id=\"95f51c1\" data-element_type=\"container\" data-e-type=\"container\">\n\t\t\t\t<div class=\"elementor-element elementor-element-c2b0d1e elementor-widget__width-initial elementor-widget elementor-widget-kahlo_core_section_title\" data-id=\"c2b0d1e\" data-element_type=\"widget\" data-e-type=\"widget\" data-widget_type=\"kahlo_core_section_title.default\">\n\t\t\t\t<div class=\"elementor-widget-container\">\n\t\t\t\t\t<div class=\"qodef-shortcode qodef-m  qodef-section-title qodef-alignment--left  \">\n\t\t<h4 class=\"qodef-m-title\" >\n\t\t\t\t\t<a itemprop=\"url\" href=\"https:\/\/rosenblutfriedmann.com\/all-exhibitions\/\" target=\"_self\">\n\t\t\t\t\tGallery\t\t\t\t\t<\/a>\n\t\t\t<\/h4>\n\t\t<p class=\"qodef-m-text\" style=\"margin-top: 15px\">Rosenblut and Friedmann seeks to expand the horizon of the traditional gallery model through exploration and collaboration with artists throughout the exhibition process.<\/p>\n    \t<div class=\"qodef-m-button clear\">\n\t\t<a class=\"qodef-shortcode qodef-m  qodef-button qodef-button-font-906 qodef-layout--textual qodef-show-button-arrow--no   qodef-link-only-arrow--no qodef-html--link\" href=\"https:\/\/rosenblutfriedmann.com\/all-exhibitions\/\" target=\"_self\"  style=\"margin: 36px 0 0 \">\t<span class=\"qodef-btn-text\">See all exhibitions<\/span>\t<span class=\"qodef-btn-arrow\">\t\t<svg class=\"qodef-svg--button-arrow-standard\" xmlns=\"http:\/\/www.w3.org\/2000\/svg\" width=\"12.137\" height=\"14.802\" viewBox=\"0 0 12.137 14.802\"><g><path fill=\"currentColor\" d=\"M12.137 4.745v2.689L4.782 2.689V0Z\"\/><path fill=\"currentColor\" d=\"M12.137 10.057V7.368l-7.355 4.745v2.689Z\"\/><path fill=\"none\" stroke=\"currentColor\" d=\"M11.389 7.359H0\"\/><\/g><\/svg>\t<\/span><\/a>\t<\/div>\n\n<\/div>\n\t\t\t\t<\/div>\n\t\t\t\t<\/div>\n\t\t\t\t<\/div>\n\t\t<div class=\"elementor-element elementor-element-e360ce0 e-con-full e-flex e-con e-child\" data-id=\"e360ce0\" data-element_type=\"container\" data-e-type=\"container\">\n\t\t\t\t<div class=\"elementor-element elementor-element-50e75f2 elementor-widget elementor-widget-heading\" data-id=\"50e75f2\" data-element_type=\"widget\" data-e-type=\"widget\" data-widget_type=\"heading.default\">\n\t\t\t\t<div class=\"elementor-widget-container\">\n\t\t\t\t\t<h4 class=\"elementor-heading-title elementor-size-default\">C\u00f3mo encontrarnos<\/h4>\t\t\t\t<\/div>\n\t\t\t\t<\/div>\n\t\t\t\t<div class=\"elementor-element elementor-element-7274fa1 elementor-widget elementor-widget-text-editor\" data-id=\"7274fa1\" data-element_type=\"widget\" data-e-type=\"widget\" data-widget_type=\"text-editor.default\">\n\t\t\t\t<div class=\"elementor-widget-container\">\n\t\t\t\t\t\t\t\t\t<p>Martes a Viernes 11:00 &#8211; 19:00<\/p>\n<p>S\u00e1bado 11:00 &#8211; 14:00<\/p><\/p>\n\t\t\t\t\t\t\t\t<\/div>\n\t\t\t\t<\/div>\n\t\t\t\t<div class=\"elementor-element elementor-element-17fcdf2 qodef-custom-underline elementor-widget elementor-widget-text-editor\" data-id=\"17fcdf2\" data-element_type=\"widget\" data-e-type=\"widget\" data-widget_type=\"text-editor.default\">\n\t\t\t\t<div class=\"elementor-widget-container\">\n\t\t\t\t\t\t\t\t\t<p><a href=\"https:\/\/maps.app.goo.gl\/6xc9pKKSBQXHHaD4A\" target=\"_blank\" rel=\"noopener\">B\u00e1rbara de Braganza 9, Madrid<\/a>.<\/p>\n\t\t\t\t\t\t\t\t<\/div>\n\t\t\t\t<\/div>\n\t\t\t\t<div class=\"elementor-element elementor-element-24b33fa qodef-custom-underline-shown elementor-widget elementor-widget-text-editor\" data-id=\"24b33fa\" data-element_type=\"widget\" data-e-type=\"widget\" data-widget_type=\"text-editor.default\">\n\t\t\t\t<div class=\"elementor-widget-container\">\n\t\t\t\t\t\t\t\t\t<p><a href=\"mailto:info@rosenblutfriedmann.com\">info@rosenblutfriedmann.com<\/a><\/p>\n\t\t\t\t\t\t\t\t<\/div>\n\t\t\t\t<\/div>\n\t\t\t\t<div class=\"elementor-element elementor-element-188f8e5 qodef-custom-underline elementor-widget elementor-widget-text-editor\" data-id=\"188f8e5\" data-element_type=\"widget\" data-e-type=\"widget\" data-widget_type=\"text-editor.default\">\n\t\t\t\t<div class=\"elementor-widget-container\">\n\t\t\t\t\t\t\t\t\t<p><a href=\"tel:+34%20603%2076%2089%2054\">+34 603 76 89 54<\/a><\/p>\n\t\t\t\t\t\t\t\t<\/div>\n\t\t\t\t<\/div>\n\t\t\t\t<\/div>\n\t\t<div class=\"elementor-element elementor-element-6e8e9ce e-con-full e-flex e-con e-child\" data-id=\"6e8e9ce\" data-element_type=\"container\" data-e-type=\"container\">\n\t\t\t\t<div class=\"elementor-element elementor-element-41fa9b9 elementor-widget__width-initial elementor-widget elementor-widget-kahlo_core_section_title\" data-id=\"41fa9b9\" data-element_type=\"widget\" data-e-type=\"widget\" data-widget_type=\"kahlo_core_section_title.default\">\n\t\t\t\t<div class=\"elementor-widget-container\">\n\t\t\t\t\t<div class=\"qodef-shortcode qodef-m  qodef-section-title qodef-alignment--left  \">\n\t\t<h4 class=\"qodef-m-title\" >\n\t\t\t\t\tInstagram\t\t\t<\/h4>\n\t\t<p class=\"qodef-m-text\" style=\"margin-top: 15px\">Follow us on social networks<\/p>\n    \n<\/div>\n\t\t\t\t<\/div>\n\t\t\t\t<\/div>\n\t\t\t\t<div class=\"elementor-element elementor-element-456b9b6 elementor-shape-square e-grid-align-left elementor-grid-0 elementor-widget elementor-widget-social-icons\" data-id=\"456b9b6\" data-element_type=\"widget\" data-e-type=\"widget\" data-widget_type=\"social-icons.default\">\n\t\t\t\t<div class=\"elementor-widget-container\">\n\t\t\t\t\t\t\t<div class=\"elementor-social-icons-wrapper elementor-grid\">\n\t\t\t\t\t\t\t<span class=\"elementor-grid-item\">\n\t\t\t\t\t<a class=\"elementor-icon elementor-social-icon elementor-social-icon-instagram elementor-repeater-item-65aeded\" href=\"https:\/\/www.instagram.com\/rosenblutfriedmann\" target=\"_blank\">\n\t\t\t\t\t\t<span class=\"elementor-screen-only\">Instagram<\/span>\n\t\t\t\t\t\t<svg aria-hidden=\"true\" class=\"e-font-icon-svg e-fab-instagram\" viewBox=\"0 0 448 512\" xmlns=\"http:\/\/www.w3.org\/2000\/svg\"><path d=\"M224.1 141c-63.6 0-114.9 51.3-114.9 114.9s51.3 114.9 114.9 114.9S339 319.5 339 255.9 287.7 141 224.1 141zm0 189.6c-41.1 0-74.7-33.5-74.7-74.7s33.5-74.7 74.7-74.7 74.7 33.5 74.7 74.7-33.6 74.7-74.7 74.7zm146.4-194.3c0 14.9-12 26.8-26.8 26.8-14.9 0-26.8-12-26.8-26.8s12-26.8 26.8-26.8 26.8 12 26.8 26.8zm76.1 27.2c-1.7-35.9-9.9-67.7-36.2-93.9-26.2-26.2-58-34.4-93.9-36.2-37-2.1-147.9-2.1-184.9 0-35.8 1.7-67.6 9.9-93.9 36.1s-34.4 58-36.2 93.9c-2.1 37-2.1 147.9 0 184.9 1.7 35.9 9.9 67.7 36.2 93.9s58 34.4 93.9 36.2c37 2.1 147.9 2.1 184.9 0 35.9-1.7 67.7-9.9 93.9-36.2 26.2-26.2 34.4-58 36.2-93.9 2.1-37 2.1-147.8 0-184.8zM398.8 388c-7.8 19.6-22.9 34.7-42.6 42.6-29.5 11.7-99.5 9-132.1 9s-102.7 2.6-132.1-9c-19.6-7.8-34.7-22.9-42.6-42.6-11.7-29.5-9-99.5-9-132.1s-2.6-102.7 9-132.1c7.8-19.6 22.9-34.7 42.6-42.6 29.5-11.7 99.5-9 132.1-9s102.7-2.6 132.1 9c19.6 7.8 34.7 22.9 42.6 42.6 11.7 29.5 9 99.5 9 132.1s2.7 102.7-9 132.1z\"><\/path><\/svg>\t\t\t\t\t<\/a>\n\t\t\t\t<\/span>\n\t\t\t\t\t<\/div>\n\t\t\t\t\t\t<\/div>\n\t\t\t\t<\/div>\n\t\t\t\t<\/div>\n\t\t\t\t<\/div>\n\t\t<div class=\"elementor-element elementor-element-8a17536 e-con-full e-flex e-con e-parent\" data-id=\"8a17536\" data-element_type=\"container\" data-e-type=\"container\">\n\t\t<div class=\"elementor-element elementor-element-fc24d50 e-con-full e-flex e-con e-child\" data-id=\"fc24d50\" data-element_type=\"container\" data-e-type=\"container\">\n\t\t\t\t<div class=\"elementor-element elementor-element-408e29c elementor-widget elementor-widget-kahlo_core_google_map\" data-id=\"408e29c\" data-element_type=\"widget\" data-e-type=\"widget\" data-widget_type=\"kahlo_core_google_map.default\">\n\t\t\t\t<div class=\"elementor-widget-container\">\n\t\t\t\t\t<div class=\"qodef-shortcode qodef-m  qodef-google-map\">\n\t<div class=\"qodef-m-map\" id=\"qodef-map-id--913\" data-addresses='[\"https:\/\/www.google.com\/maps\/dir\/\/650+Madison+Ave,+New+York,+NY+10022,+%D0%A1%D1%98%D0%B5%D0%B4%D0%B8%D1%9A%D0%B5%D0%BD%D0%B5+%D0%94%D1%80%D0%B6%D0%B0%D0%B2%D0%B5\/@40.7644928,-73.9703274,18.25z\/data=!4m9!4m8!1m0!1m5!1m1!1s0x89c258efc2507889:0xc01df59ca126c531!2m2!1d-73.9708414!2d40.7643547!3e3?hl=sr&amp;entry=ttu\"]' data-pin=https:\/\/rosenblutfriedmann.com\/wp-content\/plugins\/kahlo-core\/inc\/maps\/assets\/img\/pin.png data-unique-id=913 data-height=660><\/div>\n<\/div>\n\t\t\t\t<\/div>\n\t\t\t\t<\/div>\n\t\t\t\t<\/div>\n\t\t<div class=\"elementor-element elementor-element-0c63c8f e-con-full e-flex e-con e-child\" data-id=\"0c63c8f\" data-element_type=\"container\" data-e-type=\"container\">\n\t\t\t\t<div class=\"elementor-element elementor-element-fe32167 elementor-widget__width-initial elementor-widget elementor-widget-kahlo_core_section_title\" data-id=\"fe32167\" data-element_type=\"widget\" data-e-type=\"widget\" data-widget_type=\"kahlo_core_section_title.default\">\n\t\t\t\t<div class=\"elementor-widget-container\">\n\t\t\t\t\t<div class=\"qodef-shortcode qodef-m  qodef-section-title qodef-alignment--left  \">\n\t\t<h3 class=\"qodef-m-title\" >\n\t\t\t\t\tGet in Touch\t\t\t<\/h3>\n\t    \n<\/div>\n\t\t\t\t<\/div>\n\t\t\t\t<\/div>\n\t\t\t\t<div class=\"elementor-element elementor-element-f7e968b elementor-widget elementor-widget-wp-widget-kahlo_core_contact_form_7\" data-id=\"f7e968b\" data-element_type=\"widget\" data-e-type=\"widget\" data-widget_type=\"wp-widget-kahlo_core_contact_form_7.default\">\n\t\t\t\t<div class=\"elementor-widget-container\">\n\t\t\t\t\t\t\t\t<div class=\"qodef-contact-form-7\">\n\t\t\t\t\n<div class=\"wpcf7 no-js\" id=\"wpcf7-f8298-o1\" lang=\"es-ES\" dir=\"ltr\" data-wpcf7-id=\"8298\">\n<div class=\"screen-reader-response\"><p role=\"status\" aria-live=\"polite\" aria-atomic=\"true\"><\/p> <ul><\/ul><\/div>\n<form action=\"\/es\/wp-json\/wp\/v2\/pages\/7968#wpcf7-f8298-o1\" method=\"post\" class=\"wpcf7-form init\" aria-label=\"Formulario de contacto\" novalidate=\"novalidate\" data-status=\"init\">\n<fieldset class=\"hidden-fields-container\"><input type=\"hidden\" name=\"_wpcf7\" value=\"8298\" \/><input type=\"hidden\" name=\"_wpcf7_version\" value=\"6.1.5\" \/><input type=\"hidden\" name=\"_wpcf7_locale\" value=\"es_ES\" \/><input type=\"hidden\" name=\"_wpcf7_unit_tag\" value=\"wpcf7-f8298-o1\" \/><input type=\"hidden\" name=\"_wpcf7_container_post\" value=\"0\" \/><input type=\"hidden\" name=\"_wpcf7_posted_data_hash\" value=\"\" \/>\n<\/fieldset>\n<div class=\"qodef-main-contact-form\">\n\n<div class=\"qodef-contact-form-data\">\n\n<div class=\"qodef-contact-form-name\"><span class=\"wpcf7-form-control-wrap\" data-name=\"first-name\"><input size=\"40\" maxlength=\"400\" class=\"wpcf7-form-control wpcf7-text wpcf7-validates-as-required\" aria-required=\"true\" aria-invalid=\"false\" placeholder=\"Nombre\" value=\"\" type=\"text\" name=\"first-name\" \/><\/span><\/div>\n\n<div class=\"qodef-contact-email\"><span class=\"wpcf7-form-control-wrap\" data-name=\"your-email\"><input size=\"40\" maxlength=\"400\" class=\"wpcf7-form-control wpcf7-email wpcf7-validates-as-required wpcf7-text wpcf7-validates-as-email\" aria-required=\"true\" aria-invalid=\"false\" placeholder=\"Email\" value=\"\" type=\"email\" name=\"your-email\" \/><\/span><\/div>\n\n<\/div>\n\n<span class=\"wpcf7-form-control-wrap\" data-name=\"your-message\"><textarea cols=\"40\" rows=\"6\" maxlength=\"2000\" class=\"wpcf7-form-control wpcf7-textarea\" aria-invalid=\"false\" placeholder=\"Escribe tu mensaje\" name=\"your-message\"><\/textarea><\/span>\n\n<div class=\"qodef-submit\">\n\n<button class=\"wpcf7-form-control wpcf7-submit qodef-button qodef-size--normal qodef-layout--filled qodef-m\" type=\"submit\"><span class=\"qodef-m-text\">Send<\/span><\/button>\n\n<\/div>\n\n<\/div><div class=\"wpcf7-response-output\" aria-hidden=\"true\"><\/div>\n<\/form>\n<\/div>\n\t\t\t<\/div>\n\t\t\t\t\t\t\t<\/div>\n\t\t\t\t<\/div>\n\t\t\t\t<\/div>\n\t\t\t\t<\/div>\n\t\t\t\t<\/div>\n\t\t","protected":false},"excerpt":{"rendered":"<p>Contact Gallery Rosenblut and Friedmann seeks to expand the horizon of the traditional gallery model through exploration and collaboration with artists throughout the exhibition process. See all exhibitions C\u00f3mo encontrarnos Martes a Viernes 11:00 &#8211; 19:00 S\u00e1bado 11:00 &#8211; 14:00 B\u00e1rbara de Braganza 9, Madrid. info@rosenblutfriedmann.com +34 603 76 89 54 Instagram Follow us on [&hellip;]<\/p>\n","protected":false},"author":1,"featured_media":0,"parent":0,"menu_order":0,"comment_status":"closed","ping_status":"closed","template":"page-full-width.php","meta":{"footnotes":""},"class_list":["post-7968","page","type-page","status-publish","hentry"],"_links":{"self":[{"href":"https:\/\/rosenblutfriedmann.com\/es\/wp-json\/wp\/v2\/pages\/7968","targetHints":{"allow":["GET"]}}],"collection":[{"href":"https:\/\/rosenblutfriedmann.com\/es\/wp-json\/wp\/v2\/pages"}],"about":[{"href":"https:\/\/rosenblutfriedmann.com\/es\/wp-json\/wp\/v2\/types\/page"}],"author":[{"embeddable":true,"href":"https:\/\/rosenblutfriedmann.com\/es\/wp-json\/wp\/v2\/users\/1"}],"replies":[{"embeddable":true,"href":"https:\/\/rosenblutfriedmann.com\/es\/wp-json\/wp\/v2\/comments?post=7968"}],"version-history":[{"count":37,"href":"https:\/\/rosenblutfriedmann.com\/es\/wp-json\/wp\/v2\/pages\/7968\/revisions"}],"predecessor-version":[{"id":8871,"href":"https:\/\/rosenblutfriedmann.com\/es\/wp-json\/wp\/v2\/pages\/7968\/revisions\/8871"}],"wp:attachment":[{"href":"https:\/\/rosenblutfriedmann.com\/es\/wp-json\/wp\/v2\/media?parent=7968"}],"curies":[{"name":"wp","href":"https:\/\/api.w.org\/{rel}","templated":true}]}}